{"id":4404,"date":"2022-12-02T16:26:08","date_gmt":"2022-12-02T16:26:08","guid":{"rendered":"https:\/\/motovun-camping.com\/o-nama\/"},"modified":"2026-04-03T12:18:58","modified_gmt":"2026-04-03T12:18:58","slug":"uber-uns","status":"publish","type":"page","link":"https:\/\/motovun-camping.com\/de\/uber-uns\/","title":{"rendered":"\u00dcber uns"},"content":{"rendered":"<p><div class=\"fusion-bg-parallax\" data-bg-align=\"center top\" data-direction=\"down\" data-mute=\"false\" data-opacity=\"100\" data-velocity=\"-0.3\" data-mobile-enabled=\"false\" data-break_parents=\"0\" data-bg-image=\"https:\/\/motovun-camping.com\/wp-content\/uploads\/2026\/03\/Monte_Vita_O-nama_2.jpg\" data-bg-repeat=\"false\" ><\/div><div class=\"fusion-fullwidth fullwidth-box fusion-builder-row-1 fusion-flex-container has-pattern-background has-mask-background fusion-parallax-down nonhundred-percent-fullwidth non-hundred-percent-height-scrolling lazyload fusion-animated\" style=\"--awb-background-position:center top;--awb-border-radius-top-left:0px;--awb-border-radius-top-right:0px;--awb-border-radius-bottom-right:0px;--awb-border-radius-bottom-left:0px;--awb-padding-top:15vw;--awb-padding-bottom:15vw;--awb-padding-top-small:80px;--awb-padding-bottom-small:80px;--awb-background-size:cover;--awb-flex-wrap:wrap;--awb-animation-color:var(--awb-color3);\" data-bg=\"https:\/\/motovun-camping.com\/wp-content\/uploads\/2026\/03\/Monte_Vita_O-nama_2.jpg\" data-animationType=\"revealInLeft\" data-animationDuration=\"1.2\" data-animationOffset=\"top-into-view\" ><div class=\"fusion-builder-row fusion-row fusion-flex-align-items-flex-start fusion-flex-content-wrap\" style=\"max-width:1248px;margin-left: calc(-4% \/ 2 );margin-right: calc(-4% \/ 2 );\"><\/div><\/div><div class=\"fusion-fullwidth fullwidth-box fusion-builder-row-2 fusion-flex-container has-pattern-background has-mask-background nonhundred-percent-fullwidth non-hundred-percent-height-scrolling\" style=\"--awb-background-position:left center;--awb-border-radius-top-left:0px;--awb-border-radius-top-right:0px;--awb-border-radius-bottom-right:0px;--awb-border-radius-bottom-left:0px;--awb-padding-top:100px;--awb-padding-bottom:0px;--awb-padding-top-medium:90px;--awb-padding-bottom-medium:0px;--awb-flex-wrap:wrap;\" ><div class=\"fusion-builder-row fusion-row fusion-flex-align-items-flex-start fusion-flex-justify-content-center fusion-flex-content-wrap\" style=\"max-width:1248px;margin-left: calc(-4% \/ 2 );margin-right: calc(-4% \/ 2 );\"><div class=\"fusion-layout-column fusion_builder_column fusion-builder-column-0 fusion_builder_column_1_1 1_1 fusion-flex-column fusion-animated\" style=\"--awb-bg-color:var(--awb-color2);--awb-bg-color-hover:var(--awb-color2);--awb-bg-size:cover;--awb-width-large:100%;--awb-margin-top-large:0px;--awb-spacing-right-large:1.92%;--awb-margin-bottom-large:100px;--awb-spacing-left-large:1.92%;--awb-width-medium:100%;--awb-order-medium:0;--awb-spacing-right-medium:1.92%;--awb-spacing-left-medium:1.92%;--awb-width-small:100%;--awb-order-small:0;--awb-spacing-right-small:1.92%;--awb-margin-bottom-small:68px;--awb-spacing-left-small:1.92%;\" data-animationType=\"fadeInDown\" data-animationDuration=\"0.8\" data-animationDelay=\"0.2\" data-animationOffset=\"top-into-view\"><div class=\"fusion-column-wrapper fusion-column-has-shadow fusion-flex-justify-content-flex-start fusion-content-layout-column\"><i class=\"fb-icon-element-1 fb-icon-element fontawesome-icon bb-flower-4 circle-no\" style=\"--awb-iconcolor:var(--awb-color8);--awb-iconcolor-hover:var(--awb-color8);--awb-font-size:70px;--awb-margin-top:0;--awb-margin-right:0;--awb-margin-bottom:0;--awb-margin-left:0;--awb-align-self:center;\"><\/i><div class=\"fusion-title title fusion-title-1 fusion-no-small-visibility fusion-sep-none fusion-title-center fusion-title-text fusion-title-size-one\" style=\"--awb-text-color:var(--awb-color8);--awb-margin-bottom:20px;--awb-margin-top-small:10px;--awb-margin-right-small:0px;--awb-margin-bottom-small:20px;--awb-margin-left-small:0px;\"><h1 class=\"fusion-title-heading title-heading-center\" style=\"margin:0;\">\u00dcber uns<\/h1><\/div><div class=\"fusion-title title fusion-title-2 fusion-no-medium-visibility fusion-no-large-visibility fusion-sep-none fusion-title-center fusion-title-text fusion-title-size-one\" style=\"--awb-text-color:var(--awb-color8);--awb-margin-bottom:20px;--awb-margin-top-small:10px;--awb-margin-right-small:0px;--awb-margin-bottom-small:20px;--awb-margin-left-small:0px;--awb-font-size:36px;\"><h1 class=\"fusion-title-heading title-heading-center\" style=\"margin:0;font-size:1em;\">\u00dcber uns<\/h1><\/div><div class=\"fusion-text fusion-text-1 fusion-no-small-visibility fusion-text-no-margin\" style=\"--awb-content-alignment:center;--awb-margin-right:20%;--awb-margin-bottom:0px;--awb-margin-left:20%;\"><p>Monte Vita Motovun Campingplatz \u00f6ffnet Ihnen die T\u00fcr zu einem unvergesslichen Urlaub inmitten der Natur! Unser Unterkunftsangebot richtet sich an alle Natur- und Abenteuerliebhaber.<\/p>\n<\/div><div class=\"fusion-text fusion-text-2 fusion-no-medium-visibility fusion-no-large-visibility fusion-text-no-margin\" style=\"--awb-content-alignment:center;--awb-margin-bottom:0px;\"><p>Monte Vita Motovun Campingplatz \u00f6ffnet Ihnen die T\u00fcr zu einem unvergesslichen Urlaub inmitten der Natur! Unser Unterkunftsangebot richtet sich an alle Natur- und Abenteuerliebhaber.<\/p>\n<\/div><\/div><\/div><div class=\"fusion-layout-column fusion_builder_column fusion-builder-column-1 fusion_builder_column_1_2 1_2 fusion-flex-column fusion-animated\" style=\"--awb-bg-size:cover;--awb-width-large:50%;--awb-margin-top-large:0px;--awb-spacing-right-large:3.84%;--awb-margin-bottom-large:0px;--awb-spacing-left-large:3.84%;--awb-width-medium:50%;--awb-order-medium:0;--awb-spacing-right-medium:3.84%;--awb-spacing-left-medium:3.84%;--awb-width-small:100%;--awb-order-small:0;--awb-spacing-right-small:1.92%;--awb-margin-bottom-small:0px;--awb-spacing-left-small:1.92%;\" data-animationType=\"fadeInUp\" data-animationDuration=\"1.0\" data-animationDelay=\"0.4\" data-animationOffset=\"top-into-view\" data-scroll-devices=\"small-visibility,medium-visibility,large-visibility\"><div class=\"fusion-column-wrapper fusion-column-has-shadow fusion-flex-justify-content-flex-start fusion-content-layout-column\"><div class=\"fusion-text fusion-text-3 fusion-no-small-visibility fusion-text-no-margin\" style=\"--awb-margin-top:0px;--awb-margin-bottom:0px;\"><p style=\"text-align: justify;\">Die Gesamtfl\u00e4che des Campingplatzes betr\u00e4gt 5000m2. Es liegt inmitten malerischer H\u00fcgel und bietet einen wundersch\u00f6nen Blick \u00fcber die umliegende Landschaft und das Tal des Flusses Mirna. Eine Kombination von Olivenb\u00e4umen und Eichenb\u00e4umen, die sich bis zur Altstadt von Motovun erstreckt, und einer wunderbaren Aussicht auf das Tal des Flusses Mirna.<\/p>\n<p style=\"text-align: justify;\">Mit seiner Ausstattung entspricht der Platz den Bed\u00fcrfnissen und Erwartungen von Campern, die in Wohnmobilen reisen, sowie anderen Campingliebhabern. Das Rastplatz verf\u00fcgt \u00fcber insgesamt <b>12 Campingpl\u00e4tze<\/b>, die mit aller notwendigen Infrastruktur (Strom und Trinkwasser) ausgestattet sind, au\u00dferdem gibt es einen <b>getrennten Sanit\u00e4rbereich<\/b> mit Duschkabinen f\u00fcr Damen und Herren sowie eine Entsorgungstation f\u00fcr Chemietoiletten. Die Gr\u00fcnfl\u00e4che auf 3 Terrassen eignet sich ideal zum Aufstellen Ihres Zeltes mit Panoramablick auf das Tal des Flusses Mirna<\/p>\n<\/div><div class=\"fusion-text fusion-text-4 fusion-no-medium-visibility fusion-no-large-visibility fusion-text-no-margin\" style=\"--awb-margin-top:0px;--awb-margin-bottom:0px;\"><p>Die Gesamtfl\u00e4che des Campingplatzes betr\u00e4gt 5000m2. Es liegt inmitten malerischer H\u00fcgel und bietet einen wundersch\u00f6nen Blick \u00fcber die umliegende Landschaft und das Tal des Flusses Mirna. Eine Kombination von Olivenb\u00e4umen und Eichenb\u00e4umen, die sich bis zur Altstadt von Motovun erstreckt, und einer wunderbaren Aussicht auf das Tal des Flusses Mirna.<\/p>\n<p>Mit seiner Ausstattung entspricht der Platz den Bed\u00fcrfnissen und Erwartungen von Campern, die in Wohnmobilen reisen, sowie anderen Campingliebhabern. Das Rastplatz verf\u00fcgt \u00fcber insgesamt <b>12 Campingpl\u00e4tze<\/b>, die mit aller notwendigen Infrastruktur (Strom und Trinkwasser) ausgestattet sind, au\u00dferdem gibt es einen <b>getrennten Sanit\u00e4rbereich<\/b> mit Duschkabinen f\u00fcr Damen und Herren sowie eine Entsorgungstation f\u00fcr Chemietoiletten. Die Gr\u00fcnfl\u00e4che auf 3 Terrassen eignet sich ideal zum Aufstellen Ihres Zeltes mit Panoramablick auf das Tal des Flusses Mirna<\/p>\n<\/div><\/div><\/div><div class=\"fusion-layout-column fusion_builder_column fusion-builder-column-2 fusion_builder_column_1_2 1_2 fusion-flex-column fusion-animated\" style=\"--awb-bg-size:cover;--awb-width-large:50%;--awb-margin-top-large:0px;--awb-spacing-right-large:3.84%;--awb-margin-bottom-large:0px;--awb-spacing-left-large:3.84%;--awb-width-medium:50%;--awb-order-medium:0;--awb-spacing-right-medium:3.84%;--awb-spacing-left-medium:3.84%;--awb-width-small:100%;--awb-order-small:0;--awb-spacing-right-small:1.92%;--awb-margin-bottom-small:0px;--awb-spacing-left-small:1.92%;\" data-animationType=\"fadeInUp\" data-animationDuration=\"1.0\" data-animationOffset=\"top-into-view\" data-scroll-devices=\"small-visibility,medium-visibility,large-visibility\"><div class=\"fusion-column-wrapper fusion-column-has-shadow fusion-flex-justify-content-flex-start fusion-content-layout-column\"><div class=\"fusion-image-element \" style=\"--awb-margin-top:10px;--awb-margin-top-small:30px;--awb-margin-bottom-small:20px;--awb-caption-title-font-family:var(--h2_typography-font-family);--awb-caption-title-font-weight:var(--h2_typography-font-weight);--awb-caption-title-font-style:var(--h2_typography-font-style);--awb-caption-title-size:var(--h2_typography-font-size);--awb-caption-title-transform:var(--h2_typography-text-transform);--awb-caption-title-line-height:var(--h2_typography-line-height);--awb-caption-title-letter-spacing:var(--h2_typography-letter-spacing);\"><span class=\" fusion-imageframe imageframe-none imageframe-1 hover-type-none\"><img decoding=\"async\" width=\"1600\" height=\"1073\" alt=\"Monte Vita\" title=\"Monte_Vita_O-nama_1\" src=\"https:\/\/motovun-camping.com\/wp-content\/uploads\/2026\/03\/Monte_Vita_O-nama_1.jpg\" data-orig-src=\"https:\/\/motovun-camping.com\/wp-content\/uploads\/2026\/03\/Monte_Vita_O-nama_1.jpg\" class=\"lazyload img-responsive wp-image-4968\" srcset=\"data:image\/svg+xml,%3Csvg%20xmlns%3D%27http%3A%2F%2Fwww.w3.org%2F2000%2Fsvg%27%20width%3D%271600%27%20height%3D%271073%27%20viewBox%3D%270%200%201600%201073%27%3E%3Crect%20width%3D%271600%27%20height%3D%271073%27%20fill-opacity%3D%220%22%2F%3E%3C%2Fsvg%3E\" data-srcset=\"https:\/\/motovun-camping.com\/wp-content\/uploads\/2026\/03\/Monte_Vita_O-nama_1-200x134.jpg 200w, https:\/\/motovun-camping.com\/wp-content\/uploads\/2026\/03\/Monte_Vita_O-nama_1-400x268.jpg 400w, https:\/\/motovun-camping.com\/wp-content\/uploads\/2026\/03\/Monte_Vita_O-nama_1-600x402.jpg 600w, https:\/\/motovun-camping.com\/wp-content\/uploads\/2026\/03\/Monte_Vita_O-nama_1-800x537.jpg 800w, https:\/\/motovun-camping.com\/wp-content\/uploads\/2026\/03\/Monte_Vita_O-nama_1-1200x805.jpg 1200w, https:\/\/motovun-camping.com\/wp-content\/uploads\/2026\/03\/Monte_Vita_O-nama_1.jpg 1600w\" data-sizes=\"auto\" data-orig-sizes=\"(max-width: 640px) 100vw, 600px\" \/><\/span><\/div><\/div><\/div><div class=\"fusion-layout-column fusion_builder_column fusion-builder-column-3 fusion_builder_column_1_1 1_1 fusion-flex-column fusion-animated\" style=\"--awb-bg-size:cover;--awb-width-large:100%;--awb-margin-top-large:20px;--awb-spacing-right-large:1.92%;--awb-margin-bottom-large:20px;--awb-spacing-left-large:1.92%;--awb-width-medium:100%;--awb-order-medium:0;--awb-spacing-right-medium:1.92%;--awb-spacing-left-medium:1.92%;--awb-width-small:100%;--awb-order-small:0;--awb-spacing-right-small:1.92%;--awb-margin-bottom-small:0px;--awb-spacing-left-small:1.92%;\" data-animationType=\"fadeInUp\" data-animationDuration=\"1.0\" data-animationDelay=\"0.4\" data-animationOffset=\"top-into-view\" data-scroll-devices=\"small-visibility,medium-visibility,large-visibility\"><div class=\"fusion-column-wrapper fusion-column-has-shadow fusion-flex-justify-content-flex-start fusion-content-layout-column\"><div class=\"fusion-text fusion-text-5 fusion-no-small-visibility fusion-text-no-margin\" style=\"--awb-margin-bottom:40px;\"><p>Im Camp gibt es auch ein <b>Schwimmbad<\/b> mit Dusche und ein Sonnendeck mit Panoramablick, eine <b>ausgestattete K\u00fcche<\/b>, einen Kamin und einen Treffpunkt am Feuer.<\/p>\n<p>Monte Vita Motovun Campingplatz ist 30 Minuten vom Meer entfernt in Richtung Novigrad oder Pore\u010d.<\/p>\n<p>Mit seiner g\u00fcnstigen Klima bietet Motovun zahlreiche M\u00f6glichkeiten und Aktivit\u00e4ten f\u00fcr einen sch\u00f6nen und aktiven Urlaub. Monte Vita Motovun Campingplatz ist ein wahres Paradies f\u00fcr Natur- und Abenteuerliebhaber und ein idealer Ausgangspunkt f\u00fcr alle Rad- und Wanderliebhaber&#8230;<\/p>\n<\/div><div class=\"fusion-text fusion-text-6 fusion-no-medium-visibility fusion-no-large-visibility fusion-text-no-margin\" style=\"--awb-margin-bottom:40px;\"><p>Im Camp gibt es auch ein <b>Schwimmbad<\/b> mit Dusche und ein Sonnendeck mit Panoramablick, eine <b>ausgestattete K\u00fcche<\/b>, einen Kamin und einen Treffpunkt am Feuer.<\/p>\n<p>Monte Vita Motovun Campingplatz ist 30 Minuten vom Meer entfernt in Richtung Novigrad oder Pore\u010d.<\/p>\n<p>Mit seiner g\u00fcnstigen Klima bietet Motovun zahlreiche M\u00f6glichkeiten und Aktivit\u00e4ten f\u00fcr einen sch\u00f6nen und aktiven Urlaub. Monte Vita Motovun Campingplatz ist ein wahres Paradies f\u00fcr Natur- und Abenteuerliebhaber und ein idealer Ausgangspunkt f\u00fcr alle Rad- und Wanderliebhaber&#8230;<\/p>\n<\/div><\/div><\/div><\/div><\/div><div class=\"fusion-fullwidth fullwidth-box fusion-builder-row-3 fusion-flex-container has-pattern-background has-mask-background nonhundred-percent-fullwidth non-hundred-percent-height-scrolling\" style=\"--awb-background-position:left center;--awb-border-radius-top-left:0px;--awb-border-radius-top-right:0px;--awb-border-radius-bottom-right:0px;--awb-border-radius-bottom-left:0px;--awb-padding-top:0px;--awb-padding-bottom:60px;--awb-padding-top-medium:0px;--awb-padding-bottom-medium:60px;--awb-flex-wrap:wrap;\" ><div class=\"fusion-builder-row fusion-row fusion-flex-align-items-flex-start fusion-flex-justify-content-center fusion-flex-content-wrap\" style=\"max-width:1248px;margin-left: calc(-4% \/ 2 );margin-right: calc(-4% \/ 2 );\"><div class=\"fusion-layout-column fusion_builder_column fusion-builder-column-4 fusion_builder_column_1_1 1_1 fusion-flex-column fusion-animated\" style=\"--awb-bg-color:var(--awb-color2);--awb-bg-color-hover:var(--awb-color2);--awb-bg-size:cover;--awb-width-large:100%;--awb-margin-top-large:0px;--awb-spacing-right-large:1.92%;--awb-margin-bottom-large:0px;--awb-spacing-left-large:1.92%;--awb-width-medium:100%;--awb-order-medium:0;--awb-spacing-right-medium:1.92%;--awb-spacing-left-medium:1.92%;--awb-width-small:100%;--awb-order-small:0;--awb-spacing-right-small:1.92%;--awb-spacing-left-small:1.92%;\" data-animationType=\"fadeInDown\" data-animationDuration=\"0.8\" data-animationDelay=\"0.2\" data-animationOffset=\"top-into-view\" data-scroll-devices=\"small-visibility,medium-visibility,large-visibility\"><div class=\"fusion-column-wrapper fusion-column-has-shadow fusion-flex-justify-content-flex-start fusion-content-layout-column\"><div class=\"fusion-title title fusion-title-3 fusion-sep-none fusion-title-text fusion-title-size-three\" style=\"--awb-text-color:var(--awb-color8);--awb-margin-bottom:20px;--awb-margin-top-small:10px;--awb-margin-right-small:0px;--awb-margin-bottom-small:20px;--awb-margin-left-small:0px;\"><h3 class=\"fusion-title-heading title-heading-left\" style=\"margin:0;\">Angaben zur Firma<\/h3><\/div><div class=\"fusion-text fusion-text-7 fusion-text-no-margin\" style=\"--awb-margin-bottom:0px;\"><p style=\"font-weight: 400;\">MONTE VITA d.o.o.<\/p>\n<p>Anschrift: Ri\u017eansk skuptine 1a, 52424 MOTOVUN, Kroatien<\/p>\n<p style=\"font-weight: 400;\">OIB: 91288803827\u202c<\/p>\n<p>Eingetragen beim Handelsgericht in Pazin MBS\u00a0130123334.\u00a0Stammkapital\u00a02.654,46 \u20ac voll eingezahlt.<\/p>\n<\/div><\/div><\/div><\/div><\/div><\/p>\n","protected":false},"excerpt":{"rendered":"","protected":false},"author":1,"featured_media":0,"parent":0,"menu_order":0,"comment_status":"closed","ping_status":"closed","template":"100-width.php","meta":{"footnotes":""},"class_list":["post-4404","page","type-page","status-publish","hentry"],"yoast_head":"<!-- This site is optimized with the Yoast SEO plugin v27.3 - https:\/\/yoast.com\/product\/yoast-seo-wordpress\/ -->\n<title>\u00dcber uns \u2013 Monte Vita kleiner Campingplatz in Istrien<\/title>\n<meta name=\"description\" content=\"Erfahren Sie mehr \u00fcber Monte Vita, einen kleinen Campingplatz nahe Motovun in Istrien. Natur, Ruhe und echtes Kroatien-Erlebnis erwarten Sie.\" \/>\n<meta name=\"robots\" content=\"index, follow, max-snippet:-1, max-image-preview:large, max-video-preview:-1\" \/>\n<link rel=\"canonical\" href=\"https:\/\/motovun-camping.com\/de\/uber-uns\/\" \/>\n<meta property=\"og:locale\" content=\"de_DE\" \/>\n<meta property=\"og:type\" content=\"article\" \/>\n<meta property=\"og:title\" content=\"\u00dcber uns \u2013 Monte Vita kleiner Campingplatz in Istrien\" \/>\n<meta property=\"og:description\" content=\"Erfahren Sie mehr \u00fcber Monte Vita, einen kleinen Campingplatz nahe Motovun in Istrien. Natur, Ruhe und echtes Kroatien-Erlebnis erwarten Sie.\" \/>\n<meta property=\"og:url\" content=\"https:\/\/motovun-camping.com\/de\/uber-uns\/\" \/>\n<meta property=\"og:site_name\" content=\"Monte Vita\" \/>\n<meta property=\"article:modified_time\" content=\"2026-04-03T12:18:58+00:00\" \/>\n<meta name=\"twitter:card\" content=\"summary_large_image\" \/>\n<meta name=\"twitter:label1\" content=\"Gesch\u00e4tzte Lesezeit\" \/>\n\t<meta name=\"twitter:data1\" content=\"3\u00a0Minuten\" \/>\n<script type=\"application\/ld+json\" class=\"yoast-schema-graph\">{\"@context\":\"https:\\\/\\\/schema.org\",\"@graph\":[{\"@type\":\"WebPage\",\"@id\":\"https:\\\/\\\/motovun-camping.com\\\/de\\\/uber-uns\\\/\",\"url\":\"https:\\\/\\\/motovun-camping.com\\\/de\\\/uber-uns\\\/\",\"name\":\"\u00dcber uns \u2013 Monte Vita kleiner Campingplatz in Istrien\",\"isPartOf\":{\"@id\":\"https:\\\/\\\/motovun-camping.com\\\/#website\"},\"datePublished\":\"2022-12-02T16:26:08+00:00\",\"dateModified\":\"2026-04-03T12:18:58+00:00\",\"description\":\"Erfahren Sie mehr \u00fcber Monte Vita, einen kleinen Campingplatz nahe Motovun in Istrien. Natur, Ruhe und echtes Kroatien-Erlebnis erwarten Sie.\",\"breadcrumb\":{\"@id\":\"https:\\\/\\\/motovun-camping.com\\\/de\\\/uber-uns\\\/#breadcrumb\"},\"inLanguage\":\"de\",\"potentialAction\":[{\"@type\":\"ReadAction\",\"target\":[\"https:\\\/\\\/motovun-camping.com\\\/de\\\/uber-uns\\\/\"]}]},{\"@type\":\"BreadcrumbList\",\"@id\":\"https:\\\/\\\/motovun-camping.com\\\/de\\\/uber-uns\\\/#breadcrumb\",\"itemListElement\":[{\"@type\":\"ListItem\",\"position\":1,\"name\":\"Po\u010detna stranica\",\"item\":\"https:\\\/\\\/motovun-camping.com\\\/de\\\/\"},{\"@type\":\"ListItem\",\"position\":2,\"name\":\"\u00dcber uns\"}]},{\"@type\":\"WebSite\",\"@id\":\"https:\\\/\\\/motovun-camping.com\\\/#website\",\"url\":\"https:\\\/\\\/motovun-camping.com\\\/\",\"name\":\"Monte Vita\",\"description\":\"Kamp odmori\u0161te Motovun\",\"publisher\":{\"@id\":\"https:\\\/\\\/motovun-camping.com\\\/#organization\"},\"potentialAction\":[{\"@type\":\"SearchAction\",\"target\":{\"@type\":\"EntryPoint\",\"urlTemplate\":\"https:\\\/\\\/motovun-camping.com\\\/?s={search_term_string}\"},\"query-input\":{\"@type\":\"PropertyValueSpecification\",\"valueRequired\":true,\"valueName\":\"search_term_string\"}}],\"inLanguage\":\"de\"},{\"@type\":\"Organization\",\"@id\":\"https:\\\/\\\/motovun-camping.com\\\/#organization\",\"name\":\"Monte Vita\",\"url\":\"https:\\\/\\\/motovun-camping.com\\\/\",\"logo\":{\"@type\":\"ImageObject\",\"inLanguage\":\"de\",\"@id\":\"https:\\\/\\\/motovun-camping.com\\\/#\\\/schema\\\/logo\\\/image\\\/\",\"url\":\"https:\\\/\\\/motovun-camping.com\\\/wp-content\\\/uploads\\\/2024\\\/02\\\/Monte-Vita-logo.png\",\"contentUrl\":\"https:\\\/\\\/motovun-camping.com\\\/wp-content\\\/uploads\\\/2024\\\/02\\\/Monte-Vita-logo.png\",\"width\":966,\"height\":679,\"caption\":\"Monte Vita\"},\"image\":{\"@id\":\"https:\\\/\\\/motovun-camping.com\\\/#\\\/schema\\\/logo\\\/image\\\/\"}}]}<\/script>\n<!-- \/ Yoast SEO plugin. -->","yoast_head_json":{"title":"\u00dcber uns \u2013 Monte Vita kleiner Campingplatz in Istrien","description":"Erfahren Sie mehr \u00fcber Monte Vita, einen kleinen Campingplatz nahe Motovun in Istrien. Natur, Ruhe und echtes Kroatien-Erlebnis erwarten Sie.","robots":{"index":"index","follow":"follow","max-snippet":"max-snippet:-1","max-image-preview":"max-image-preview:large","max-video-preview":"max-video-preview:-1"},"canonical":"https:\/\/motovun-camping.com\/de\/uber-uns\/","og_locale":"de_DE","og_type":"article","og_title":"\u00dcber uns \u2013 Monte Vita kleiner Campingplatz in Istrien","og_description":"Erfahren Sie mehr \u00fcber Monte Vita, einen kleinen Campingplatz nahe Motovun in Istrien. Natur, Ruhe und echtes Kroatien-Erlebnis erwarten Sie.","og_url":"https:\/\/motovun-camping.com\/de\/uber-uns\/","og_site_name":"Monte Vita","article_modified_time":"2026-04-03T12:18:58+00:00","twitter_card":"summary_large_image","twitter_misc":{"Gesch\u00e4tzte Lesezeit":"3\u00a0Minuten"},"schema":{"@context":"https:\/\/schema.org","@graph":[{"@type":"WebPage","@id":"https:\/\/motovun-camping.com\/de\/uber-uns\/","url":"https:\/\/motovun-camping.com\/de\/uber-uns\/","name":"\u00dcber uns \u2013 Monte Vita kleiner Campingplatz in Istrien","isPartOf":{"@id":"https:\/\/motovun-camping.com\/#website"},"datePublished":"2022-12-02T16:26:08+00:00","dateModified":"2026-04-03T12:18:58+00:00","description":"Erfahren Sie mehr \u00fcber Monte Vita, einen kleinen Campingplatz nahe Motovun in Istrien. Natur, Ruhe und echtes Kroatien-Erlebnis erwarten Sie.","breadcrumb":{"@id":"https:\/\/motovun-camping.com\/de\/uber-uns\/#breadcrumb"},"inLanguage":"de","potentialAction":[{"@type":"ReadAction","target":["https:\/\/motovun-camping.com\/de\/uber-uns\/"]}]},{"@type":"BreadcrumbList","@id":"https:\/\/motovun-camping.com\/de\/uber-uns\/#breadcrumb","itemListElement":[{"@type":"ListItem","position":1,"name":"Po\u010detna stranica","item":"https:\/\/motovun-camping.com\/de\/"},{"@type":"ListItem","position":2,"name":"\u00dcber uns"}]},{"@type":"WebSite","@id":"https:\/\/motovun-camping.com\/#website","url":"https:\/\/motovun-camping.com\/","name":"Monte Vita","description":"Kamp odmori\u0161te Motovun","publisher":{"@id":"https:\/\/motovun-camping.com\/#organization"},"potentialAction":[{"@type":"SearchAction","target":{"@type":"EntryPoint","urlTemplate":"https:\/\/motovun-camping.com\/?s={search_term_string}"},"query-input":{"@type":"PropertyValueSpecification","valueRequired":true,"valueName":"search_term_string"}}],"inLanguage":"de"},{"@type":"Organization","@id":"https:\/\/motovun-camping.com\/#organization","name":"Monte Vita","url":"https:\/\/motovun-camping.com\/","logo":{"@type":"ImageObject","inLanguage":"de","@id":"https:\/\/motovun-camping.com\/#\/schema\/logo\/image\/","url":"https:\/\/motovun-camping.com\/wp-content\/uploads\/2024\/02\/Monte-Vita-logo.png","contentUrl":"https:\/\/motovun-camping.com\/wp-content\/uploads\/2024\/02\/Monte-Vita-logo.png","width":966,"height":679,"caption":"Monte Vita"},"image":{"@id":"https:\/\/motovun-camping.com\/#\/schema\/logo\/image\/"}}]}},"_links":{"self":[{"href":"https:\/\/motovun-camping.com\/de\/wp-json\/wp\/v2\/pages\/4404","targetHints":{"allow":["GET"]}}],"collection":[{"href":"https:\/\/motovun-camping.com\/de\/wp-json\/wp\/v2\/pages"}],"about":[{"href":"https:\/\/motovun-camping.com\/de\/wp-json\/wp\/v2\/types\/page"}],"author":[{"embeddable":true,"href":"https:\/\/motovun-camping.com\/de\/wp-json\/wp\/v2\/users\/1"}],"replies":[{"embeddable":true,"href":"https:\/\/motovun-camping.com\/de\/wp-json\/wp\/v2\/comments?post=4404"}],"version-history":[{"count":3,"href":"https:\/\/motovun-camping.com\/de\/wp-json\/wp\/v2\/pages\/4404\/revisions"}],"predecessor-version":[{"id":5018,"href":"https:\/\/motovun-camping.com\/de\/wp-json\/wp\/v2\/pages\/4404\/revisions\/5018"}],"wp:attachment":[{"href":"https:\/\/motovun-camping.com\/de\/wp-json\/wp\/v2\/media?parent=4404"}],"curies":[{"name":"wp","href":"https:\/\/api.w.org\/{rel}","templated":true}]}}