{"id":4522,"date":"2021-03-13T07:20:16","date_gmt":"2021-03-13T07:20:16","guid":{"rendered":"https:\/\/motovun-camping.com\/statement-on-the-use-of-cookies\/"},"modified":"2024-05-22T11:14:00","modified_gmt":"2024-05-22T11:14:00","slug":"erklarung-uber-die-verwendung-von-cookie","status":"publish","type":"page","link":"https:\/\/motovun-camping.com\/de\/erklarung-uber-die-verwendung-von-cookie\/","title":{"rendered":"Erkl\u00e4rung \u00fcber die Verwendung von Cookies"},"content":{"rendered":"<div class=\"fusion-fullwidth fullwidth-box fusion-builder-row-1 fusion-flex-container nonhundred-percent-fullwidth non-hundred-percent-height-scrolling\" style=\"--awb-border-radius-top-left:0px;--awb-border-radius-top-right:0px;--awb-border-radius-bottom-right:0px;--awb-border-radius-bottom-left:0px;--awb-flex-wrap:wrap;\" ><div class=\"fusion-builder-row fusion-row fusion-flex-align-items-flex-start fusion-flex-content-wrap\" style=\"max-width:1248px;margin-left: calc(-4% \/ 2 );margin-right: calc(-4% \/ 2 );\"><div class=\"fusion-layout-column fusion_builder_column fusion-builder-column-0 fusion_builder_column_1_6 1_6 fusion-flex-column\" style=\"--awb-bg-size:cover;--awb-width-large:16.666666666667%;--awb-margin-top-large:0px;--awb-spacing-right-large:11.52%;--awb-margin-bottom-large:20px;--awb-spacing-left-large:11.52%;--awb-width-medium:16.666666666667%;--awb-order-medium:0;--awb-spacing-right-medium:11.52%;--awb-spacing-left-medium:11.52%;--awb-width-small:100%;--awb-order-small:0;--awb-spacing-right-small:1.92%;--awb-spacing-left-small:1.92%;\"><div class=\"fusion-column-wrapper fusion-column-has-shadow fusion-flex-justify-content-flex-start fusion-content-layout-column\"><\/div><\/div><div class=\"fusion-layout-column fusion_builder_column fusion-builder-column-1 fusion_builder_column_2_3 2_3 fusion-flex-column\" style=\"--awb-bg-size:cover;--awb-width-large:66.666666666667%;--awb-margin-top-large:0px;--awb-spacing-right-large:2.88%;--awb-margin-bottom-large:0px;--awb-spacing-left-large:2.88%;--awb-width-medium:66.666666666667%;--awb-spacing-right-medium:2.88%;--awb-spacing-left-medium:2.88%;--awb-width-small:100%;--awb-spacing-right-small:1.92%;--awb-spacing-left-small:1.92%;\"><div class=\"fusion-column-wrapper fusion-flex-justify-content-flex-start fusion-content-layout-column\"><div class=\"fusion-title title fusion-title-1 fusion-sep-none fusion-title-text fusion-title-size-one\" style=\"--awb-margin-top-small:10px;--awb-margin-right-small:0px;--awb-margin-bottom-small:10px;--awb-margin-left-small:0px;--awb-font-size:24px;\"><h1 class=\"fusion-title-heading title-heading-left\" style=\"margin:0;font-size:1em;\">Erkl\u00e4rung \u00fcber die Verwendung von Cookies<\/h1><\/div><div class=\"fusion-text fusion-text-1\"><p class=\"p1\" style=\"text-align: justify;\"><span class=\"s1\"><b>Verwendung von \u201eCookies\u201c<\/b><\/span><\/p>\n<p class=\"p1\" style=\"text-align: justify;\"><span class=\"s1\">Die Websites www.motovun-camping.com verwenden sogenannte \u201eCookies\u201c, um zu helfen<\/span><\/p>\n<p class=\"p1\" style=\"text-align: justify;\"><span class=\"s1\">der Benutzer und bieten vollst\u00e4ndige, qualitativ hochwertige Funktionen, Dienste und Inhalte. Cookies stellen eine Reihe von Daten dar, die vom Webserver generiert werden und die der Webbrowser auf der Festplatte des Benutzers als kleine Textdatei speichert. Wir sind stets bestrebt, unseren Kunden das bestm\u00f6gliche Nutzererlebnis zu bieten. Daher ist es wichtig zu beachten, dass unsere Webseiten nur dann optimal funktionieren, wenn Cookies aktiviert sind. Um \u201eCookies\u201c in \u00dcbereinstimmung mit dem Gesetz \u00fcber elektronische Kommunikation, dem Datenschutzgesetz und den EU-Richtlinien zu verwenden, ben\u00f6tigen wir Ihre Zustimmung. Durch die Nutzung dieser Website stimmen Sie der Verwendung von \u201eCookies\u201c zu. Durch das Blockieren der \u201eCookies\u201c k\u00f6nnen Sie die Seite weiterhin anzeigen, einige der Funktionen sind jedoch nicht verf\u00fcgbar. W\u00e4hrend der Navigation der Seite werden tempor\u00e4re Cookies erstellt, die nur f\u00fcr die Dauer des Besuchs auf dem Computer des Nutzers der Website www.motovun-camping.com geschrieben werden und der Nutzer somit die Webseiten www.motovun-camping.com effizienter bedienen kann .eu und l\u00e4uft automatisch ab, wenn Sie den Browser schlie\u00dfen. Zus\u00e4tzliche Informationen wie Ihr Name oder Ihre E-Mail-Adresse werden nicht gespeichert: Websites k\u00f6nnen nicht auf die Informationen zugreifen, die Sie nicht angegeben haben, und k\u00f6nnen nicht auf andere Dateien auf Ihrem Computer zugreifen.<\/span><\/p>\n<p class=\"p1\" style=\"text-align: justify;\"><span class=\"s1\"><b>Cookies von externen Diensten<\/b><\/span><\/p>\n<p class=\"p1\" style=\"text-align: justify;\"><span class=\"s1\">MONTE VITA d.o.o. verwendet auf seiner Website eigene Cookies, w\u00e4hrend ausgew\u00e4hlte Drittanbieter ihre eigenen Cookies auf dem Computer des Benutzers installieren k\u00f6nnen. Der Benutzer, der die Website nutzt, stimmt der Verwendung von Cookies und externen Diensten zu. Ein Beispiel f\u00fcr einen externen Dienst, der dazu dient, Informationen \u00fcber die Sichtbarkeit und Leistung der Website auf dem Markt zu erhalten, ist Google Analytics. Weitere detaillierte Informationen finden Sie unter: Google Analytics.<\/span><\/p>\n<p class=\"p1\" style=\"text-align: justify;\"><span class=\"s1\"><b>Wie kann ich Cookies deaktivieren?<\/b><\/span><\/p>\n<p class=\"p1\" style=\"text-align: justify;\"><span class=\"s1\">Das Deaktivieren von \u201eCookies\u201c entscheidet dar\u00fcber, ob das Speichern von Cookies auf Ihrem Computer erlaubt ist oder nicht. Die Cookie-Einstellungen k\u00f6nnen im verwendeten Internetbrowser kontrolliert und konfiguriert werden. Sie haben die M\u00f6glichkeit, den Empfang von Cookies \u00fcber das Men\u00fc Extras \/ Optionen (Extras \/ Optionen) zu verbieten. Sie entscheiden in Ihrem Internetbrowser, ob Sie diese Option aktivieren m\u00f6chten oder nicht. MONTE VITA d.o.o. schlie\u00dft jegliche Verantwortung f\u00fcr den Verlust der Funktionalit\u00e4t und \/ oder Qualit\u00e4t der Website www.motovun-camping.com f\u00fcr alle F\u00e4lle der Auswahl der Regeln f\u00fcr den Empfang von Cookies durch den Benutzer aus. Es wird angenommen, dass Benutzer immer vertraut sind und akzeptieren diese Nutzungsbedingungen und die M\u00f6glichkeit, Cookies zu erstellen.<\/span><\/p>\n<\/div><\/div><\/div><div class=\"fusion-layout-column fusion_builder_column fusion-builder-column-2 fusion_builder_column_1_6 1_6 fusion-flex-column\" style=\"--awb-bg-size:cover;--awb-width-large:16.666666666667%;--awb-margin-top-large:0px;--awb-spacing-right-large:11.52%;--awb-margin-bottom-large:20px;--awb-spacing-left-large:11.52%;--awb-width-medium:16.666666666667%;--awb-order-medium:0;--awb-spacing-right-medium:11.52%;--awb-spacing-left-medium:11.52%;--awb-width-small:100%;--awb-order-small:0;--awb-spacing-right-small:1.92%;--awb-spacing-left-small:1.92%;\"><div class=\"fusion-column-wrapper fusion-column-has-shadow fusion-flex-justify-content-flex-start fusion-content-layout-column\"><\/div><\/div><\/div><\/div>\n","protected":false},"excerpt":{"rendered":"","protected":false},"author":1,"featured_media":0,"parent":0,"menu_order":0,"comment_status":"closed","ping_status":"closed","template":"","meta":{"footnotes":""},"class_list":["post-4522","page","type-page","status-publish","hentry"],"yoast_head":"<!-- This site is optimized with the Yoast SEO plugin v27.3 - https:\/\/yoast.com\/product\/yoast-seo-wordpress\/ -->\n<title>Erkl\u00e4rung \u00fcber die Verwendung von Cookies - Monte Vita<\/title>\n<meta name=\"robots\" content=\"index, follow, max-snippet:-1, max-image-preview:large, max-video-preview:-1\" \/>\n<link rel=\"canonical\" href=\"https:\/\/motovun-camping.com\/de\/erklarung-uber-die-verwendung-von-cookie\/\" \/>\n<meta property=\"og:locale\" content=\"de_DE\" \/>\n<meta property=\"og:type\" content=\"article\" \/>\n<meta property=\"og:title\" content=\"Erkl\u00e4rung \u00fcber die Verwendung von Cookies - Monte Vita\" \/>\n<meta property=\"og:url\" content=\"https:\/\/motovun-camping.com\/de\/erklarung-uber-die-verwendung-von-cookie\/\" \/>\n<meta property=\"og:site_name\" content=\"Monte Vita\" \/>\n<meta property=\"article:modified_time\" content=\"2024-05-22T11:14:00+00:00\" \/>\n<meta name=\"twitter:card\" content=\"summary_large_image\" \/>\n<meta name=\"twitter:label1\" content=\"Gesch\u00e4tzte Lesezeit\" \/>\n\t<meta name=\"twitter:data1\" content=\"9\u00a0Minuten\" \/>\n<script type=\"application\/ld+json\" class=\"yoast-schema-graph\">{\"@context\":\"https:\\\/\\\/schema.org\",\"@graph\":[{\"@type\":\"WebPage\",\"@id\":\"https:\\\/\\\/motovun-camping.com\\\/de\\\/erklarung-uber-die-verwendung-von-cookie\\\/\",\"url\":\"https:\\\/\\\/motovun-camping.com\\\/de\\\/erklarung-uber-die-verwendung-von-cookie\\\/\",\"name\":\"Erkl\u00e4rung \u00fcber die Verwendung von Cookies - Monte Vita\",\"isPartOf\":{\"@id\":\"https:\\\/\\\/motovun-camping.com\\\/#website\"},\"datePublished\":\"2021-03-13T07:20:16+00:00\",\"dateModified\":\"2024-05-22T11:14:00+00:00\",\"breadcrumb\":{\"@id\":\"https:\\\/\\\/motovun-camping.com\\\/de\\\/erklarung-uber-die-verwendung-von-cookie\\\/#breadcrumb\"},\"inLanguage\":\"de\",\"potentialAction\":[{\"@type\":\"ReadAction\",\"target\":[\"https:\\\/\\\/motovun-camping.com\\\/de\\\/erklarung-uber-die-verwendung-von-cookie\\\/\"]}]},{\"@type\":\"BreadcrumbList\",\"@id\":\"https:\\\/\\\/motovun-camping.com\\\/de\\\/erklarung-uber-die-verwendung-von-cookie\\\/#breadcrumb\",\"itemListElement\":[{\"@type\":\"ListItem\",\"position\":1,\"name\":\"Po\u010detna stranica\",\"item\":\"https:\\\/\\\/motovun-camping.com\\\/de\\\/\"},{\"@type\":\"ListItem\",\"position\":2,\"name\":\"Erkl\u00e4rung \u00fcber die Verwendung von Cookies\"}]},{\"@type\":\"WebSite\",\"@id\":\"https:\\\/\\\/motovun-camping.com\\\/#website\",\"url\":\"https:\\\/\\\/motovun-camping.com\\\/\",\"name\":\"Monte Vita\",\"description\":\"Kamp odmori\u0161te Motovun\",\"publisher\":{\"@id\":\"https:\\\/\\\/motovun-camping.com\\\/#organization\"},\"potentialAction\":[{\"@type\":\"SearchAction\",\"target\":{\"@type\":\"EntryPoint\",\"urlTemplate\":\"https:\\\/\\\/motovun-camping.com\\\/?s={search_term_string}\"},\"query-input\":{\"@type\":\"PropertyValueSpecification\",\"valueRequired\":true,\"valueName\":\"search_term_string\"}}],\"inLanguage\":\"de\"},{\"@type\":\"Organization\",\"@id\":\"https:\\\/\\\/motovun-camping.com\\\/#organization\",\"name\":\"Monte Vita\",\"url\":\"https:\\\/\\\/motovun-camping.com\\\/\",\"logo\":{\"@type\":\"ImageObject\",\"inLanguage\":\"de\",\"@id\":\"https:\\\/\\\/motovun-camping.com\\\/#\\\/schema\\\/logo\\\/image\\\/\",\"url\":\"https:\\\/\\\/motovun-camping.com\\\/wp-content\\\/uploads\\\/2024\\\/02\\\/Monte-Vita-logo.png\",\"contentUrl\":\"https:\\\/\\\/motovun-camping.com\\\/wp-content\\\/uploads\\\/2024\\\/02\\\/Monte-Vita-logo.png\",\"width\":966,\"height\":679,\"caption\":\"Monte Vita\"},\"image\":{\"@id\":\"https:\\\/\\\/motovun-camping.com\\\/#\\\/schema\\\/logo\\\/image\\\/\"}}]}<\/script>\n<!-- \/ Yoast SEO plugin. -->","yoast_head_json":{"title":"Erkl\u00e4rung \u00fcber die Verwendung von Cookies - Monte Vita","robots":{"index":"index","follow":"follow","max-snippet":"max-snippet:-1","max-image-preview":"max-image-preview:large","max-video-preview":"max-video-preview:-1"},"canonical":"https:\/\/motovun-camping.com\/de\/erklarung-uber-die-verwendung-von-cookie\/","og_locale":"de_DE","og_type":"article","og_title":"Erkl\u00e4rung \u00fcber die Verwendung von Cookies - Monte Vita","og_url":"https:\/\/motovun-camping.com\/de\/erklarung-uber-die-verwendung-von-cookie\/","og_site_name":"Monte Vita","article_modified_time":"2024-05-22T11:14:00+00:00","twitter_card":"summary_large_image","twitter_misc":{"Gesch\u00e4tzte Lesezeit":"9\u00a0Minuten"},"schema":{"@context":"https:\/\/schema.org","@graph":[{"@type":"WebPage","@id":"https:\/\/motovun-camping.com\/de\/erklarung-uber-die-verwendung-von-cookie\/","url":"https:\/\/motovun-camping.com\/de\/erklarung-uber-die-verwendung-von-cookie\/","name":"Erkl\u00e4rung \u00fcber die Verwendung von Cookies - Monte Vita","isPartOf":{"@id":"https:\/\/motovun-camping.com\/#website"},"datePublished":"2021-03-13T07:20:16+00:00","dateModified":"2024-05-22T11:14:00+00:00","breadcrumb":{"@id":"https:\/\/motovun-camping.com\/de\/erklarung-uber-die-verwendung-von-cookie\/#breadcrumb"},"inLanguage":"de","potentialAction":[{"@type":"ReadAction","target":["https:\/\/motovun-camping.com\/de\/erklarung-uber-die-verwendung-von-cookie\/"]}]},{"@type":"BreadcrumbList","@id":"https:\/\/motovun-camping.com\/de\/erklarung-uber-die-verwendung-von-cookie\/#breadcrumb","itemListElement":[{"@type":"ListItem","position":1,"name":"Po\u010detna stranica","item":"https:\/\/motovun-camping.com\/de\/"},{"@type":"ListItem","position":2,"name":"Erkl\u00e4rung \u00fcber die Verwendung von Cookies"}]},{"@type":"WebSite","@id":"https:\/\/motovun-camping.com\/#website","url":"https:\/\/motovun-camping.com\/","name":"Monte Vita","description":"Kamp odmori\u0161te Motovun","publisher":{"@id":"https:\/\/motovun-camping.com\/#organization"},"potentialAction":[{"@type":"SearchAction","target":{"@type":"EntryPoint","urlTemplate":"https:\/\/motovun-camping.com\/?s={search_term_string}"},"query-input":{"@type":"PropertyValueSpecification","valueRequired":true,"valueName":"search_term_string"}}],"inLanguage":"de"},{"@type":"Organization","@id":"https:\/\/motovun-camping.com\/#organization","name":"Monte Vita","url":"https:\/\/motovun-camping.com\/","logo":{"@type":"ImageObject","inLanguage":"de","@id":"https:\/\/motovun-camping.com\/#\/schema\/logo\/image\/","url":"https:\/\/motovun-camping.com\/wp-content\/uploads\/2024\/02\/Monte-Vita-logo.png","contentUrl":"https:\/\/motovun-camping.com\/wp-content\/uploads\/2024\/02\/Monte-Vita-logo.png","width":966,"height":679,"caption":"Monte Vita"},"image":{"@id":"https:\/\/motovun-camping.com\/#\/schema\/logo\/image\/"}}]}},"_links":{"self":[{"href":"https:\/\/motovun-camping.com\/de\/wp-json\/wp\/v2\/pages\/4522","targetHints":{"allow":["GET"]}}],"collection":[{"href":"https:\/\/motovun-camping.com\/de\/wp-json\/wp\/v2\/pages"}],"about":[{"href":"https:\/\/motovun-camping.com\/de\/wp-json\/wp\/v2\/types\/page"}],"author":[{"embeddable":true,"href":"https:\/\/motovun-camping.com\/de\/wp-json\/wp\/v2\/users\/1"}],"replies":[{"embeddable":true,"href":"https:\/\/motovun-camping.com\/de\/wp-json\/wp\/v2\/comments?post=4522"}],"version-history":[{"count":2,"href":"https:\/\/motovun-camping.com\/de\/wp-json\/wp\/v2\/pages\/4522\/revisions"}],"predecessor-version":[{"id":4527,"href":"https:\/\/motovun-camping.com\/de\/wp-json\/wp\/v2\/pages\/4522\/revisions\/4527"}],"wp:attachment":[{"href":"https:\/\/motovun-camping.com\/de\/wp-json\/wp\/v2\/media?parent=4522"}],"curies":[{"name":"wp","href":"https:\/\/api.w.org\/{rel}","templated":true}]}}