{"id":4260,"date":"2021-03-13T06:53:05","date_gmt":"2021-03-13T06:53:05","guid":{"rendered":"https:\/\/motovun-camping.com\/zastita-osobnih-podataka\/"},"modified":"2024-04-30T12:59:39","modified_gmt":"2024-04-30T12:59:39","slug":"tutela-dei-dati-personali","status":"publish","type":"page","link":"https:\/\/motovun-camping.com\/it\/tutela-dei-dati-personali\/","title":{"rendered":"Tutela dei dati personali"},"content":{"rendered":"<div class=\"fusion-fullwidth fullwidth-box fusion-builder-row-1 fusion-flex-container nonhundred-percent-fullwidth non-hundred-percent-height-scrolling\" style=\"--awb-border-radius-top-left:0px;--awb-border-radius-top-right:0px;--awb-border-radius-bottom-right:0px;--awb-border-radius-bottom-left:0px;--awb-flex-wrap:wrap;\" ><div class=\"fusion-builder-row fusion-row fusion-flex-align-items-flex-start fusion-flex-content-wrap\" style=\"max-width:1248px;margin-left: calc(-4% \/ 2 );margin-right: calc(-4% \/ 2 );\"><div class=\"fusion-layout-column fusion_builder_column fusion-builder-column-0 fusion_builder_column_1_6 1_6 fusion-flex-column\" style=\"--awb-bg-size:cover;--awb-width-large:16.666666666667%;--awb-margin-top-large:0px;--awb-spacing-right-large:11.52%;--awb-margin-bottom-large:20px;--awb-spacing-left-large:11.52%;--awb-width-medium:16.666666666667%;--awb-spacing-right-medium:11.52%;--awb-spacing-left-medium:11.52%;--awb-width-small:100%;--awb-spacing-right-small:1.92%;--awb-spacing-left-small:1.92%;\"><div class=\"fusion-column-wrapper fusion-flex-justify-content-flex-start fusion-content-layout-column\"><\/div><\/div><div class=\"fusion-layout-column fusion_builder_column fusion-builder-column-1 fusion_builder_column_2_3 2_3 fusion-flex-column\" style=\"--awb-bg-size:cover;--awb-width-large:66.666666666667%;--awb-margin-top-large:0px;--awb-spacing-right-large:2.88%;--awb-margin-bottom-large:20px;--awb-spacing-left-large:2.88%;--awb-width-medium:66.666666666667%;--awb-spacing-right-medium:2.88%;--awb-spacing-left-medium:2.88%;--awb-width-small:100%;--awb-spacing-right-small:1.92%;--awb-spacing-left-small:1.92%;\"><div class=\"fusion-column-wrapper fusion-flex-justify-content-flex-start fusion-content-layout-column\"><div class=\"fusion-title title fusion-title-1 fusion-sep-none fusion-title-text fusion-title-size-one\" style=\"--awb-margin-top-small:10px;--awb-margin-right-small:0px;--awb-margin-bottom-small:10px;--awb-margin-left-small:0px;--awb-font-size:24px;\"><h1 class=\"fusion-title-heading title-heading-left\" style=\"margin:0;font-size:1em;\">Tutela dei dati personali<\/h1><\/div><div class=\"fusion-text fusion-text-1\" style=\"--awb-text-transform:none;\"><p class=\"p1\" style=\"text-align: justify;\"><span class=\"s1\">Protezione delle informazioni personali sul sito web www.motovun-camping.com.<\/span><\/p>\n<p class=\"p1\" style=\"text-align: justify;\"><span class=\"s1\"><b>Dati che raccogliamo <\/b><\/span><\/p>\n<p class=\"p1\" style=\"text-align: justify;\"><span class=\"s1\">L\u2019accesso al sito web di www.motovun-camping.com \u00e8 gratuito e non \u00e8 richiesta alcuna registrazione. Contattando tramite modulo di contatto o via e-mail, si inseriscono i propri dati (contatto, nome e cognome, e nel testo del messaggio si prega di fornire alcune informazioni personali). Questa informazione \u00e8 disponibile solo a MONTE VITA d.o.o., al quale \u00e8 rivolta la sua richiesta. Fornire le proprie informazioni personali \u00e8 un atto puramente volontario. Non elaboriamo pi\u00f9 informazioni personali di quelle necessarie per rispondere alla sua domanda.<\/span><\/p>\n<p class=\"p1\" style=\"text-align: justify;\"><span class=\"s1\"><b>Protezione delle informazioni personali<\/b><\/span><\/p>\n<p class=\"p1\" style=\"text-align: justify;\"><span class=\"s1\">MONTE VITA d.o.o. rispetta la tua privacy e tratta le tue informazioni personali onestamente e legalmente. Conserviamo le vostre informazioni personali elettronicamente e, ai fini della protezione, applichiamo le misure tecniche, organizzative e di protezione dei dati personali e delle procedure per impedire l\u2019accesso non autorizzato ai dati personali.<\/span><\/p>\n<p class=\"p1\" style=\"text-align: justify;\"><span class=\"s1\"><b>Messaggi in formato elettronico <\/b><\/span><\/p>\n<p class=\"p1\" style=\"text-align: justify;\"><span class=\"s1\">Quando ci invia una e-mail con le sue informazioni personali grazie alle quali possimao identificarla, indipendentemente dal fatto che sia una domanda via mail elettronica o domanda fatta con l\u2019uso dei moduli di contatto trovati sul sito web www.motovun-camping.com, recapitata tramite posta elettronica, usiamo queste informazioni solo allo scopo di soddisfare le tue domande. Non elaboriamo le informazioni personali per scopi di marketing e vengono cancellati dal nostro programma di posta entro la fine dell\u2019anno civile, a meno che tu non sia diventato nostro cliente e poi inserito nel database del cliente per la fattura per il servizio concordato.<\/span><\/p>\n<p class=\"p1\" style=\"text-align: justify;\"><span class=\"s1\"><b>Eliminazione e accesso alle informazioni personali<\/b><\/span><\/p>\n<p class=\"p1\" style=\"text-align: justify;\"><span class=\"s1\">Le informazioni personali che ci ha fornito si conservano solo per il periodo sufficiente a soddisfare lo scopo iniziale della loro raccolta. Siete autorizzati in qualsiasi momento a richiedere informazioni su quali dati personali ha nel nostro database di posta elettronica, nonch\u00e9 a richiedere la modifica di tutte o alcune informazioni personali (Diritto alla correzione) o di eliminarle (Diritto di cancellazione). Ci\u00f2 sar\u00e0 possibile contattando <a href=\"mailto:info@motovun-camping.com\">info@motovun-camping.com<\/a> e inviando una notifica con la sua richiesta. Se pubblichi una di queste richieste, faremo ogni adeguato controllo per confermare la sua identit\u00e0 e impedire l\u2019accesso non autorizzato alle sue informazioni personali.<\/span><\/p>\n<p class=\"p1\" style=\"text-align: justify;\"><span class=\"s1\"><b>Fornire dati personali ad altri destinatari<\/b><\/span><\/p>\n<p class=\"p1\" style=\"text-align: justify;\"><span class=\"s1\">Non forniamo le informazioni personali ad altri destinatari. Tuttavia, sul sito web di www.motovun-camping.com trover\u00e0 collegamenti ad altri siti web. L\u2019informativa sulla privacy su questi portali potrebbe essere diversa dall\u2019Informativa sulla privacy di www.motovun-camping.com. Sul nostro sito possiamo anche offrirti l\u2019uso dei social network MONTE VITA d.o.o. (Facebook, Instagram, Linkedin, Google) e altri servizi di Google Maps, YouTube che consentono la condivisione dei dati personali.<\/span><\/p>\n<p class=\"p1\" style=\"text-align: justify;\"><span class=\"s1\"><b>Statistiche del server e Google Analytics<\/b><\/span><\/p>\n<p class=\"p1\" style=\"text-align: justify;\"><span class=\"s1\">Tutti i siti Web controllati da MONTE VITA d.o.o., incluso questo sito, possono utilizzare Google Analytics \u2013 un servizio di analisi Internet fornito da Google Inc. (di seguito denominato Google). Google Analytics utilizza \u201ccookie\u201d \u2013 piccoli file di testo che vengono automaticamente posizionati sul disco rigido di un utente \u2013 allo scopo di analizzare le abitudini dell\u2019utente. I dati raccolti tramite \u201ccookie\u201d sull\u2019utilizzo del Sito (incluso l\u2019indirizzo IP dell\u2019utente) sono trasmessi e archiviati da Google ai server situati negli Stati Uniti. Google utilizzer\u00e0 i dati raccolti per valutare l\u2019utilizzo del Sito, generare rapporti sulle attivit\u00e0 del sito per le esigenze degli operatori di siti Internet e fornire altri servizi relativi all\u2019uso del Sito e, in generale, l\u2019uso di Internet. Google pu\u00f2 anche trasferire queste informazioni a terzi quando sono legalmente prescritte o quando le terze parti interessate trattano dati per conto di Google. Google non collegher\u00e0 l\u2019indirizzo IP dell\u2019utente a nessun altro dato raccolto da Google. \u00c8 possibile opporsi all\u2019uso dei \u201ccookie\u201d scegliendo le impostazioni appropriate sul proprio browser, quindi sii consapevole che ci\u00f2 potrebbe influire sulla piena funzionalit\u00e0 del Sito. Utilizzando il Sito, accetti di elaborare le tue informazioni personali da Google secondo le modalit\u00e0 sopra menzionate. Pertanto, si prega di familiarizzare con l\u2019Informativa sulla privacy applicabile ad altri siti Web e social network.<\/span><\/p>\n<p class=\"p1\" style=\"text-align: justify;\"><span class=\"s1\"><b>Misure protettive<\/b><\/span><\/p>\n<p class=\"p1\" style=\"text-align: justify;\"><span class=\"s1\">MONTE VITA d.o.o. utilizza misure tecnologiche e di sicurezza, regole e altre procedure per proteggere le informazioni personali di questo sito da accessi non autorizzati, uso improprio, rilevamento, perdita o distruzione. Al fine di proteggere la privacy degli utenti del sito, MONTE VITA d.o.o. utilizza misure di sicurezza standard del settore, come protezione firewall e password. Tuttavia, l\u2019utente \u00e8 anche tenuto a garantire che il computer sia utilizzato in modo sicuro e protetto da software dannoso come trojan, virus informatici e worm. L\u2019Utente \u00e8 consapevole che senza adeguate misure di sicurezza (come la configurazione sicura del browser Internet, programmi antivirus aggiornati, programmi firewall personali, programmi inutilizzati da fonti sospette) c\u2019\u00e8 il rischio che i dati e le password utilizzati per impedire l\u2019accesso alle informazioni personali possano essere rilevati da terze parti non autorizzate persone.<\/span><\/p>\n<p class=\"p1\" style=\"text-align: justify;\"><span class=\"s1\"><b>Protezione dei minori<\/b><\/span><\/p>\n<p class=\"p1\" style=\"text-align: justify;\"><span class=\"s1\">Questo sito \u00e8 destinato agli adulti. MONTE VITA d.o.o. non raccoglie informazioni personali sui minori (definite come persone di et\u00e0 inferiore ai 18 anni) senza il previo, verificabile consenso del suo legale rappresentante. Il legale rappresentante d\u2019appello ha il diritto, su sua richiesta, di rivedere le informazioni fornite dal minore e \/ o richiedere la cancellazione di tali informazioni.<\/span><\/p>\n<p class=\"p1\" style=\"text-align: justify;\"><span class=\"s1\"><b>Limitazione di responsabilit\u00e0<\/b><\/span><\/p>\n<p class=\"p1\" style=\"text-align: justify;\"><span class=\"s1\">Pur mettendo a disposizione misure tecniche, organizzative e personali per impedire la divulgazione non autorizzata dei dati personali dell\u2019utente, non possiamo garantire che alcune delle informazioni personali che raccogliamo non saranno mai divulgate accidentalmente, contrariamente a quanto previsto dalla presente Informativa sulla privacy. Nella misura massima consentita dalla legge, escludiamo responsabilit\u00e0 per danni causati a utenti o terze persone rivelando accidentalmente informazioni personali.<\/span><\/p>\n<p class=\"p1\" style=\"text-align: justify;\"><span class=\"s1\"><b>Statistiche del server<\/b><\/span><\/p>\n<p class=\"p1\" style=\"text-align: justify;\"><span class=\"s1\">Questo sito web utilizza Google Analytics per misurare le statistiche dei visitatori.<\/span><\/p>\n<p class=\"p1\" style=\"text-align: justify;\"><span class=\"s1\"><b>Responsabile della protezione dei dati personali<\/b><\/span><\/p>\n<p style=\"text-align: justify;\">MONTE VITA d.o.o.<br \/>\nAdresa: Ri\u017eansk skuptine 1a, 52424 MOTOVUN, Hrvatska<br \/>\nOIB: 91288803827\u202c<br \/>\nE-mail: <a href=\"mailto:info@motovun-camping.com\">info@motovun-camping.com<\/a><\/p>\n<p>Utilizzando il sito www.motovun-camping.com l\u2019utente d\u00e0 il consenso al trattamento dei dati personali secondo le modalit\u00e0 sopra indicate.<\/p>\n<\/div><\/div><\/div><div class=\"fusion-layout-column fusion_builder_column fusion-builder-column-2 fusion_builder_column_1_6 1_6 fusion-flex-column\" style=\"--awb-bg-size:cover;--awb-width-large:16.666666666667%;--awb-margin-top-large:0px;--awb-spacing-right-large:11.52%;--awb-margin-bottom-large:20px;--awb-spacing-left-large:11.52%;--awb-width-medium:16.666666666667%;--awb-spacing-right-medium:11.52%;--awb-spacing-left-medium:11.52%;--awb-width-small:100%;--awb-spacing-right-small:1.92%;--awb-spacing-left-small:1.92%;\"><div class=\"fusion-column-wrapper fusion-flex-justify-content-flex-start fusion-content-layout-column\"><\/div><\/div><\/div><\/div>\n","protected":false},"excerpt":{"rendered":"","protected":false},"author":1,"featured_media":0,"parent":0,"menu_order":0,"comment_status":"closed","ping_status":"open","template":"","meta":{"footnotes":""},"class_list":["post-4260","page","type-page","status-publish","hentry"],"yoast_head":"<!-- This site is optimized with the Yoast SEO plugin v27.3 - https:\/\/yoast.com\/product\/yoast-seo-wordpress\/ -->\n<title>Tutela dei dati personali - Monte Vita<\/title>\n<meta name=\"robots\" content=\"index, follow, max-snippet:-1, max-image-preview:large, max-video-preview:-1\" \/>\n<link rel=\"canonical\" href=\"https:\/\/motovun-camping.com\/it\/tutela-dei-dati-personali\/\" \/>\n<meta property=\"og:locale\" content=\"it_IT\" \/>\n<meta property=\"og:type\" content=\"article\" \/>\n<meta property=\"og:title\" content=\"Tutela dei dati personali - Monte Vita\" \/>\n<meta property=\"og:url\" content=\"https:\/\/motovun-camping.com\/it\/tutela-dei-dati-personali\/\" \/>\n<meta property=\"og:site_name\" content=\"Monte Vita\" \/>\n<meta property=\"article:modified_time\" content=\"2024-04-30T12:59:39+00:00\" \/>\n<meta name=\"twitter:card\" content=\"summary_large_image\" \/>\n<meta name=\"twitter:label1\" content=\"Tempo di lettura stimato\" \/>\n\t<meta name=\"twitter:data1\" content=\"8 minuti\" \/>\n<script type=\"application\/ld+json\" class=\"yoast-schema-graph\">{\"@context\":\"https:\\\/\\\/schema.org\",\"@graph\":[{\"@type\":\"WebPage\",\"@id\":\"https:\\\/\\\/motovun-camping.com\\\/it\\\/tutela-dei-dati-personali\\\/\",\"url\":\"https:\\\/\\\/motovun-camping.com\\\/it\\\/tutela-dei-dati-personali\\\/\",\"name\":\"Tutela dei dati personali - Monte Vita\",\"isPartOf\":{\"@id\":\"https:\\\/\\\/motovun-camping.com\\\/#website\"},\"datePublished\":\"2021-03-13T06:53:05+00:00\",\"dateModified\":\"2024-04-30T12:59:39+00:00\",\"breadcrumb\":{\"@id\":\"https:\\\/\\\/motovun-camping.com\\\/it\\\/tutela-dei-dati-personali\\\/#breadcrumb\"},\"inLanguage\":\"it-IT\",\"potentialAction\":[{\"@type\":\"ReadAction\",\"target\":[\"https:\\\/\\\/motovun-camping.com\\\/it\\\/tutela-dei-dati-personali\\\/\"]}]},{\"@type\":\"BreadcrumbList\",\"@id\":\"https:\\\/\\\/motovun-camping.com\\\/it\\\/tutela-dei-dati-personali\\\/#breadcrumb\",\"itemListElement\":[{\"@type\":\"ListItem\",\"position\":1,\"name\":\"Po\u010detna stranica\",\"item\":\"https:\\\/\\\/motovun-camping.com\\\/it\\\/\"},{\"@type\":\"ListItem\",\"position\":2,\"name\":\"Tutela dei dati personali\"}]},{\"@type\":\"WebSite\",\"@id\":\"https:\\\/\\\/motovun-camping.com\\\/#website\",\"url\":\"https:\\\/\\\/motovun-camping.com\\\/\",\"name\":\"Monte Vita\",\"description\":\"Kamp odmori\u0161te Motovun\",\"publisher\":{\"@id\":\"https:\\\/\\\/motovun-camping.com\\\/#organization\"},\"potentialAction\":[{\"@type\":\"SearchAction\",\"target\":{\"@type\":\"EntryPoint\",\"urlTemplate\":\"https:\\\/\\\/motovun-camping.com\\\/?s={search_term_string}\"},\"query-input\":{\"@type\":\"PropertyValueSpecification\",\"valueRequired\":true,\"valueName\":\"search_term_string\"}}],\"inLanguage\":\"it-IT\"},{\"@type\":\"Organization\",\"@id\":\"https:\\\/\\\/motovun-camping.com\\\/#organization\",\"name\":\"Monte Vita\",\"url\":\"https:\\\/\\\/motovun-camping.com\\\/\",\"logo\":{\"@type\":\"ImageObject\",\"inLanguage\":\"it-IT\",\"@id\":\"https:\\\/\\\/motovun-camping.com\\\/#\\\/schema\\\/logo\\\/image\\\/\",\"url\":\"https:\\\/\\\/motovun-camping.com\\\/wp-content\\\/uploads\\\/2024\\\/02\\\/Monte-Vita-logo.png\",\"contentUrl\":\"https:\\\/\\\/motovun-camping.com\\\/wp-content\\\/uploads\\\/2024\\\/02\\\/Monte-Vita-logo.png\",\"width\":966,\"height\":679,\"caption\":\"Monte Vita\"},\"image\":{\"@id\":\"https:\\\/\\\/motovun-camping.com\\\/#\\\/schema\\\/logo\\\/image\\\/\"}}]}<\/script>\n<!-- \/ Yoast SEO plugin. -->","yoast_head_json":{"title":"Tutela dei dati personali - Monte Vita","robots":{"index":"index","follow":"follow","max-snippet":"max-snippet:-1","max-image-preview":"max-image-preview:large","max-video-preview":"max-video-preview:-1"},"canonical":"https:\/\/motovun-camping.com\/it\/tutela-dei-dati-personali\/","og_locale":"it_IT","og_type":"article","og_title":"Tutela dei dati personali - Monte Vita","og_url":"https:\/\/motovun-camping.com\/it\/tutela-dei-dati-personali\/","og_site_name":"Monte Vita","article_modified_time":"2024-04-30T12:59:39+00:00","twitter_card":"summary_large_image","twitter_misc":{"Tempo di lettura stimato":"8 minuti"},"schema":{"@context":"https:\/\/schema.org","@graph":[{"@type":"WebPage","@id":"https:\/\/motovun-camping.com\/it\/tutela-dei-dati-personali\/","url":"https:\/\/motovun-camping.com\/it\/tutela-dei-dati-personali\/","name":"Tutela dei dati personali - Monte Vita","isPartOf":{"@id":"https:\/\/motovun-camping.com\/#website"},"datePublished":"2021-03-13T06:53:05+00:00","dateModified":"2024-04-30T12:59:39+00:00","breadcrumb":{"@id":"https:\/\/motovun-camping.com\/it\/tutela-dei-dati-personali\/#breadcrumb"},"inLanguage":"it-IT","potentialAction":[{"@type":"ReadAction","target":["https:\/\/motovun-camping.com\/it\/tutela-dei-dati-personali\/"]}]},{"@type":"BreadcrumbList","@id":"https:\/\/motovun-camping.com\/it\/tutela-dei-dati-personali\/#breadcrumb","itemListElement":[{"@type":"ListItem","position":1,"name":"Po\u010detna stranica","item":"https:\/\/motovun-camping.com\/it\/"},{"@type":"ListItem","position":2,"name":"Tutela dei dati personali"}]},{"@type":"WebSite","@id":"https:\/\/motovun-camping.com\/#website","url":"https:\/\/motovun-camping.com\/","name":"Monte Vita","description":"Kamp odmori\u0161te Motovun","publisher":{"@id":"https:\/\/motovun-camping.com\/#organization"},"potentialAction":[{"@type":"SearchAction","target":{"@type":"EntryPoint","urlTemplate":"https:\/\/motovun-camping.com\/?s={search_term_string}"},"query-input":{"@type":"PropertyValueSpecification","valueRequired":true,"valueName":"search_term_string"}}],"inLanguage":"it-IT"},{"@type":"Organization","@id":"https:\/\/motovun-camping.com\/#organization","name":"Monte Vita","url":"https:\/\/motovun-camping.com\/","logo":{"@type":"ImageObject","inLanguage":"it-IT","@id":"https:\/\/motovun-camping.com\/#\/schema\/logo\/image\/","url":"https:\/\/motovun-camping.com\/wp-content\/uploads\/2024\/02\/Monte-Vita-logo.png","contentUrl":"https:\/\/motovun-camping.com\/wp-content\/uploads\/2024\/02\/Monte-Vita-logo.png","width":966,"height":679,"caption":"Monte Vita"},"image":{"@id":"https:\/\/motovun-camping.com\/#\/schema\/logo\/image\/"}}]}},"_links":{"self":[{"href":"https:\/\/motovun-camping.com\/it\/wp-json\/wp\/v2\/pages\/4260","targetHints":{"allow":["GET"]}}],"collection":[{"href":"https:\/\/motovun-camping.com\/it\/wp-json\/wp\/v2\/pages"}],"about":[{"href":"https:\/\/motovun-camping.com\/it\/wp-json\/wp\/v2\/types\/page"}],"author":[{"embeddable":true,"href":"https:\/\/motovun-camping.com\/it\/wp-json\/wp\/v2\/users\/1"}],"replies":[{"embeddable":true,"href":"https:\/\/motovun-camping.com\/it\/wp-json\/wp\/v2\/comments?post=4260"}],"version-history":[{"count":3,"href":"https:\/\/motovun-camping.com\/it\/wp-json\/wp\/v2\/pages\/4260\/revisions"}],"predecessor-version":[{"id":4263,"href":"https:\/\/motovun-camping.com\/it\/wp-json\/wp\/v2\/pages\/4260\/revisions\/4263"}],"wp:attachment":[{"href":"https:\/\/motovun-camping.com\/it\/wp-json\/wp\/v2\/media?parent=4260"}],"curies":[{"name":"wp","href":"https:\/\/api.w.org\/{rel}","templated":true}]}}